{"id":13624,"date":"2024-09-26T14:21:34","date_gmt":"2024-09-26T13:21:34","guid":{"rendered":"https:\/\/nie.cat\/politica-de-privacidad\/"},"modified":"2026-03-20T18:29:19","modified_gmt":"2026-03-20T18:29:19","slug":"politica-de-privacidad","status":"publish","type":"page","link":"https:\/\/nie.cat\/es\/politica-de-privacidad\/","title":{"rendered":"Pol\u00edtica de privacidad"},"content":{"rendered":"\n<h3 class=\"wp-block-heading\">Responsable del Tratamiento<\/h3>\n\n\n\n<p>La empresa responsable del tratamiento de sus datos en virtud de esta Pol\u00edtica de Privacidad es:<\/p>\n\n\n\n<p><strong>EXPAT CONSULTING AGENCY S.L.U.<\/strong><br><strong>NIF:<\/strong> B56570161<br><strong>Domicilio:<\/strong> C\/ Mallorca, 277, 5A, 08037, Barcelona<br><strong>Direcci\u00f3n de correo electr\u00f3nico:<\/strong> <a href=\"mailto:info@nie.cat\">info@nie.cat<\/a><br><strong>Web:<\/strong> <a href=\"http:\/\/nie.cat\" target=\"_blank\" rel=\"noreferrer noopener\">nie.cat<\/a><br><strong>Tel\u00e9fono:<\/strong> 653 586 404<br><strong>Registro Mercantil:<\/strong> Registro Mercantil de Barcelona, Tomo 49011, Folio 22, Hoja n\u00famero B-604377<\/p>\n\n\n\n<p>En <strong>EXPAT CONSULTING AGENCY S.L.U.<\/strong>, reconocemos la importancia de proteger su informaci\u00f3n personal y estamos comprometidos a tratarla con responsabilidad y de conformidad con las leyes de protecci\u00f3n de datos.<\/p>\n\n\n\n<p>La presente pol\u00edtica de privacidad pretende regular todos los aspectos relativos al tratamiento de datos de los diferentes usuarios que navegan o facilitan sus datos personales a trav\u00e9s de los diferentes formularios situados en la web.<\/p>\n\n\n\n<h3 class=\"wp-block-heading\">Datos Personales<\/h3>\n\n\n\n<p>Un dato personal es la informaci\u00f3n que le identifica o le hace identificable. A trav\u00e9s de la web, en las casillas establecidas al efecto, recogemos los datos personales que el usuario nos comunica: nombre, apellidos, correo electr\u00f3nico, tel\u00e9fono, direcci\u00f3n postal, poblaci\u00f3n, etc., as\u00ed como todos aquellos datos que voluntariamente nos proporcione a trav\u00e9s de cualquiera de las redes sociales en las que el usuario est\u00e9 registrado.<\/p>\n\n\n\n<p>En este caso, la privacidad depender\u00e1 de la propia configuraci\u00f3n establecida por el usuario, as\u00ed como de los t\u00e9rminos y condiciones de la propia red social.<\/p>\n\n\n\n<p>La visita del usuario a la web no implica que tenga que facilitar ninguna informaci\u00f3n sobre sus datos personales. No obstante, en caso de facilitarlos, los datos ser\u00e1n tratados de forma l\u00edcita con sujeci\u00f3n en todo momento a los principios y derechos recogidos en el RGPD 2016\/679 de 27 de abril de 2016 y la LOPDGDD 3\/2018 de 5 de diciembre.<\/p>\n\n\n\n<h3 class=\"wp-block-heading\">Finalidad, duraci\u00f3n y legitimaci\u00f3n del tratamiento<\/h3>\n\n\n\n<p>Los datos que el usuario nos proporcione los trataremos con las siguientes finalidades:<\/p>\n\n\n\n<p><strong>Atender la solicitud o petici\u00f3n realizada por el usuario a trav\u00e9s del formulario de contacto situado en la web.<\/strong> Recogemos y tratamos los datos personales del usuario para poder tramitar y gestionar su solicitud, una consulta o cualquier petici\u00f3n que realiza a trav\u00e9s de dicho formulario. Estos datos los conservaremos durante el tiempo necesario para dar cumplimiento a su petici\u00f3n y durante el tiempo establecido por la ley, con una duraci\u00f3n m\u00ednima de 3 a\u00f1os.<\/p>\n\n\n\n<p>La base de legitimaci\u00f3n del tratamiento de los datos ser\u00e1 el consentimiento que otorga el usuario al seleccionar la casilla de aceptaci\u00f3n de nuestra pol\u00edtica de privacidad antes de enviar la petici\u00f3n. El usuario tiene derecho a revocar su consentimiento en cualquier momento, sin que ello afecte a la licitud del tratamiento basado en el consentimiento previo a su retirada.<\/p>\n\n\n\n<p><strong>Mejorar su experiencia al navegar por la web.<\/strong> Estos datos los conservaremos mientras el usuario no revoque su consentimiento al tratamiento de los mismos eliminando las cookies y durante el tiempo establecido por la ley, con una duraci\u00f3n m\u00ednima de 3 a\u00f1os.<\/p>\n\n\n\n<p>La base de legitimaci\u00f3n para mejorar su experiencia al navegar por la web es el consentimiento que otorga el usuario al aceptar las cookies. El usuario tiene derecho a revocar su consentimiento en cualquier momento, sin que ello afecte a la licitud del tratamiento basado en el consentimiento previo a su retirada.<\/p>\n\n\n\n<p><strong>Gestionar nuestras redes sociales y enviarle informaci\u00f3n sobre nuestras actividades y productos.<\/strong> Estos datos los conservaremos mientras el usuario no revoque su consentimiento al tratamiento de los mismos y durante el tiempo establecido por la ley, con una duraci\u00f3n m\u00ednima de 3 a\u00f1os.<\/p>\n\n\n\n<p>La base leg\u00edtima para gestionar nuestras redes sociales y enviarle nuestras actividades y novedades es el consentimiento que nos otorga para ello. El usuario tiene derecho a revocar su consentimiento en cualquier momento, sin que ello afecte a la licitud del tratamiento basado en el consentimiento previo a su retirada.<\/p>\n\n\n\n<p><strong>Gestionar las experiencias u opiniones respecto a los productos y\/o servicios mediante los testimonios de los usuarios que ser\u00e1n publicados en la p\u00e1gina web y as\u00ed poder ayudar a otros usuarios.<\/strong> Los \u00fanicos datos personales que se publicar\u00e1n del testimonio ser\u00e1n el nombre y la ciudad del usuario. Los datos facilitados los conservaremos mientras el usuario no solicite su revocaci\u00f3n y durante el tiempo establecido por la ley, con una duraci\u00f3n m\u00ednima de 3 a\u00f1os.<\/p>\n\n\n\n<p>La base de legitimaci\u00f3n del tratamiento de los datos ser\u00e1 el consentimiento que otorga el usuario al registrarse a trav\u00e9s del formulario habilitado a tal efecto en la web y al seleccionar la casilla de aceptaci\u00f3n de nuestra pol\u00edtica de privacidad antes de enviar su solicitud.<\/p>\n\n\n\n<p><strong>Enviar comunicaciones, boletines o newsletters sobre productos de EXPAT CONSULTING AGENCY S.L.U.<\/strong> Bajo el consentimiento del usuario recogemos y tratamos sus datos personales para poder enviarle informaci\u00f3n sobre nuestros productos y servicios. Estos datos los conservaremos mientras el usuario no revoque su consentimiento al tratamiento de los mismos y durante el tiempo establecido por la ley, con una duraci\u00f3n m\u00ednima de 3 a\u00f1os.<\/p>\n\n\n\n<p>La base de legitimaci\u00f3n del tratamiento de los datos ser\u00e1 el consentimiento que otorga el usuario al seleccionar la casilla de aceptaci\u00f3n de nuestra pol\u00edtica de privacidad antes de suscribirse a la newsletter en el formulario habilitado a tal efecto en la web. El usuario tiene derecho a revocar su consentimiento en cualquier momento, sin que ello afecte a la licitud del tratamiento basado en el consentimiento previo a su retirada.<\/p>\n\n\n\n<p><strong>Gestionar las reservas de cita previa a trav\u00e9s del formulario situado en nuestra web.<\/strong> Los datos se conservar\u00e1n el tiempo necesario para atender su solicitud y mientras se puedan derivar responsabilidades legales de la prestaci\u00f3n del servicio.<\/p>\n\n\n\n<p>La base de legitimaci\u00f3n es el consentimiento de la persona interesada al clicar la casilla habilitada a tal efecto. La persona interesada tiene derecho a revocar su consentimiento en cualquier momento sin que esto afecte a la licitud del tratamiento basado en el consentimiento previo a su retirada.<\/p>\n\n\n\n<p>\u00danicamente se comunicar\u00e1n datos a terceros cuando resulte necesario para la adopci\u00f3n de medidas disciplinarias o para la tramitaci\u00f3n de los procedimientos judiciales que, en su caso, procedan, sin perjuicio de la notificaci\u00f3n a la autoridad competente de hechos constitutivos de il\u00edcito penal o administrativo.<\/p>\n\n\n\n<h3 class=\"wp-block-heading\">Cesi\u00f3n o comunicaci\u00f3n de datos personales y transferencias internacionales<\/h3>\n\n\n\n<p>Sus datos no se comunicar\u00e1n ni ser\u00e1n cedidos a terceros, salvo que exista alguna obligaci\u00f3n legal o a aquellos prestadores vinculados al Responsable que act\u00faan como encargados del tratamiento.<\/p>\n\n\n\n<p>Nuestros servidores est\u00e1n ubicados en la Uni\u00f3n Europea y, con car\u00e1cter general, contratamos prestadores de servicios ubicados tambi\u00e9n dentro del Espacio Econ\u00f3mico Europeo o en pa\u00edses que han sido declarados con un nivel adecuado de protecci\u00f3n.<\/p>\n\n\n\n<p>Si necesitamos utilizar proveedores de servicios externos que requieran la transmisi\u00f3n de datos personales fuera de la Uni\u00f3n Europea o en pa\u00edses que no han sido declarados con un nivel adecuado de protecci\u00f3n, nos aseguraremos de garantizar la seguridad y legitimidad del tratamiento de sus datos mediante decisiones de adecuaci\u00f3n, cl\u00e1usulas tipo, normas corporativas vinculantes, excepciones o cualquier otro instrumento aprobado por la autoridad de control que ofrezca las garant\u00edas adecuadas para la realizaci\u00f3n de la transferencia internacional de datos.<\/p>\n\n\n\n<p>Asimismo, <strong>EXPAT CONSULTING AGENCY S.L.U.<\/strong> pone a disposici\u00f3n el aplicativo de WhatsApp para que las personas interesadas contacten con el RESPONSABLE por este medio. En ese sentido, informamos que, si bien los servidores de la aplicaci\u00f3n WhatsApp para usuarios de la UE se encuentran en Irlanda, se podr\u00edan dar comunicaciones con los servidores de EE. UU. que implicar\u00edan una transferencia internacional de datos, la cual se realiza con plenas garant\u00edas de acuerdo con la Decisi\u00f3n de Adecuaci\u00f3n relativa al Marco de Privacidad de Datos UE-EE. UU. de 10 de julio de 2023.<\/p>\n\n\n\n<h3 class=\"wp-block-heading\">Actualizaci\u00f3n de datos<\/h3>\n\n\n\n<p>Es importante que, para que podamos mantener los datos personales actualizados, el usuario nos informe siempre que haya habido alguna modificaci\u00f3n en ellos; en caso contrario, no respondemos de la veracidad de los mismos.<\/p>\n\n\n\n<p>El usuario garantiza que los datos personales facilitados son veraces, garantizando que toda la informaci\u00f3n facilitada corresponde con la situaci\u00f3n real, que est\u00e1 actualizada y es exacta, quedando obligado a comunicar cualquier modificaci\u00f3n.<\/p>\n\n\n\n<h3 class=\"wp-block-heading\">Datos de Terceros<\/h3>\n\n\n\n<p>Si el usuario facilita datos de terceras personas para cualquier finalidad a <strong>EXPAT CONSULTING AGENCY S.L.U.<\/strong>, garantiza que ha obtenido estos datos de forma l\u00edcita, que ha informado previamente a los afectados, obteniendo su consentimiento para comunicarlos y que la informaci\u00f3n facilitada es exacta y veraz.<\/p>\n\n\n\n<h3 class=\"wp-block-heading\">Car\u00e1cter obligatorio de la informaci\u00f3n solicitada<\/h3>\n\n\n\n<p>Todos nuestros formularios cuentan con un asterisco (*) en los datos obligatorios. Si el usuario no facilita esos campos, o no marca la casilla de aceptaci\u00f3n de la pol\u00edtica de privacidad, no se permitir\u00e1 el env\u00edo de la informaci\u00f3n.<\/p>\n\n\n\n<h3 class=\"wp-block-heading\">Derechos de las personas interesadas<\/h3>\n\n\n\n<p>Tiene derecho a acceder a sus datos y a obtener confirmaci\u00f3n sobre su tratamiento, as\u00ed como una copia de los datos personales objeto de tratamiento. Tiene derecho a actualizarlos y solicitar la rectificaci\u00f3n de los datos que sean inexactos o solicitar la supresi\u00f3n cuando los datos no sean necesarios para los fines para los que fueron recabados.<\/p>\n\n\n\n<p>Puede solicitar la limitaci\u00f3n en el tratamiento de sus datos y oponerse al tratamiento de los mismos revocando su consentimiento, as\u00ed como ejercer el derecho a la portabilidad de los datos. Del mismo modo, tiene derecho a no ser objeto de decisiones basadas \u00fanicamente en el tratamiento automatizado de sus datos personales.<\/p>\n\n\n\n<p>Puede ejercer sus derechos contactando con nosotros en <a href=\"mailto:info@nie.cat\">info@nie.cat<\/a>.<\/p>\n\n\n\n<p>Si considera que sus derechos no se han atendido debidamente, tiene derecho a presentar una reclamaci\u00f3n ante la autoridad de control en <a href=\"https:\/\/www.aepd.es\" target=\"_blank\" rel=\"noreferrer noopener\">www.aepd.es<\/a>.<\/p>\n\n\n\n<h3 class=\"wp-block-heading\">Tratamiento de datos de Menores de edad<\/h3>\n\n\n\n<p>Quien facilita los datos a trav\u00e9s de los formularios de esta web y acepta su tratamiento declara ser mayor de 14 a\u00f1os, quedando prohibido el acceso y uso del portal a menores de dicha edad. Si en alg\u00fan momento el Responsable detecta que un menor de 14 a\u00f1os ha proporcionado datos de car\u00e1cter personal, procederemos a la cancelaci\u00f3n de los mismos.<\/p>\n\n\n\n<p>Asimismo, los padres o tutores podr\u00e1n en cualquier caso dirigirse a <strong>EXPAT CONSULTING AGENCY S.L.U.<\/strong> para bloquear la cuenta de acceso de los menores a su cargo que se hubieran registrado falseando su identidad.<\/p>\n\n\n\n<h3 class=\"wp-block-heading\">Redes sociales<\/h3>\n\n\n\n<p>El objeto de herramientas como Facebook, Twitter, Instagram, etc., u otras redes sociales, es dar visibilidad y difusi\u00f3n a las actividades que desarrolla nuestra organizaci\u00f3n. Estas herramientas almacenan datos personales en los servidores de los servicios respectivos y se rigen por su propia pol\u00edtica de privacidad.<\/p>\n\n\n\n<p>Se recomienda la revisi\u00f3n y lectura de las condiciones de uso y pol\u00edtica de privacidad de la red social en el momento de registrarse, teniendo en cuenta las diferentes posibilidades de configuraci\u00f3n en relaci\u00f3n con el grado de privacidad del perfil de usuario en la red social.<\/p>\n\n\n\n<p>Asimismo, el Responsable se reserva el derecho de eliminar de sus redes sociales cualquier informaci\u00f3n publicada por terceros que vulnere la legalidad, incite a hacerlo o contenga mensajes que atenten contra la dignidad de personas o instituciones, as\u00ed como el derecho a bloquear o denunciar el perfil autor de dichos mensajes.<\/p>\n\n\n\n<h3 class=\"wp-block-heading\">Tratamiento de Cookies<\/h3>\n\n\n\n<p>Una cookie es un peque\u00f1o archivo que se descarga y almacena en el ordenador del usuario cuando este accede a una p\u00e1gina web. Las cookies permiten a la web, entre otras cosas, almacenar y recuperar informaci\u00f3n sobre los h\u00e1bitos de navegaci\u00f3n del usuario o de su equipo y, dependiendo de la informaci\u00f3n que contengan y de la forma en que utilice su equipo, pueden utilizarse para reconocer al usuario.<\/p>\n\n\n\n<p>El usuario tiene la opci\u00f3n de impedir la generaci\u00f3n de cookies mediante la selecci\u00f3n de la correspondiente opci\u00f3n en su programa de navegador. Puede obtener m\u00e1s informaci\u00f3n leyendo nuestra Pol\u00edtica de Cookies.<\/p>\n\n\n\n<p><strong>Fecha de actualizaci\u00f3n:<\/strong> 15\/10\/2025<\/p>\n","protected":false},"excerpt":{"rendered":"<p>Responsable del Tratamiento La empresa responsable del tratamiento de sus datos en virtud de esta Pol\u00edtica de Privacidad es: EXPAT CONSULTING AGENCY S.L.U.NIF: B56570161Domicilio: C\/ Mallorca, 277, 5A, 08037, BarcelonaDirecci\u00f3n de correo electr\u00f3nico: info@nie.catWeb: nie.catTel\u00e9fono: 653 586 404Registro Mercantil: Registro Mercantil de Barcelona, Tomo 49011, Folio 22, Hoja n\u00famero B-604377 En EXPAT CONSULTING AGENCY S.L.U., [&hellip;]<\/p>\n","protected":false},"author":4353,"featured_media":0,"parent":0,"menu_order":0,"comment_status":"closed","ping_status":"closed","template":"","meta":{"footnotes":""},"class_list":["post-13624","page","type-page","status-publish","hentry"],"yoast_head":"<!-- This site is optimized with the Yoast SEO plugin v27.4 - https:\/\/yoast.com\/product\/yoast-seo-wordpress\/ -->\n<title>NIE.CAT | Pol\u00edtica de privacidad<\/title>\n<meta name=\"robots\" content=\"noindex, follow\" \/>\n<meta property=\"og:locale\" content=\"es_ES\" \/>\n<meta property=\"og:type\" content=\"article\" \/>\n<meta property=\"og:title\" content=\"NIE.CAT | Pol\u00edtica de privacidad\" \/>\n<meta property=\"og:description\" content=\"Responsable del Tratamiento La empresa responsable del tratamiento de sus datos en virtud de esta Pol\u00edtica de Privacidad es: EXPAT CONSULTING AGENCY S.L.U.NIF: B56570161Domicilio: C\/ Mallorca, 277, 5A, 08037, BarcelonaDirecci\u00f3n de correo electr\u00f3nico: info@nie.catWeb: nie.catTel\u00e9fono: 653 586 404Registro Mercantil: Registro Mercantil de Barcelona, Tomo 49011, Folio 22, Hoja n\u00famero B-604377 En EXPAT CONSULTING AGENCY S.L.U., [&hellip;]\" \/>\n<meta property=\"og:url\" content=\"https:\/\/nie.cat\/es\/politica-de-privacidad\/\" \/>\n<meta property=\"og:site_name\" content=\"NIE.CAT\" \/>\n<meta property=\"article:publisher\" content=\"https:\/\/www.facebook.com\/www.nie.cat\" \/>\n<meta property=\"article:modified_time\" content=\"2026-03-20T18:29:19+00:00\" \/>\n<meta name=\"twitter:card\" content=\"summary_large_image\" \/>\n<meta name=\"twitter:label1\" content=\"Tiempo de lectura\" \/>\n\t<meta name=\"twitter:data1\" content=\"9 minutos\" \/>\n<script type=\"application\/ld+json\" class=\"yoast-schema-graph\">{\"@context\":\"https:\\\/\\\/schema.org\",\"@graph\":[{\"@type\":\"WebPage\",\"@id\":\"https:\\\/\\\/nie.cat\\\/es\\\/politica-de-privacidad\\\/\",\"url\":\"https:\\\/\\\/nie.cat\\\/es\\\/politica-de-privacidad\\\/\",\"name\":\"NIE.CAT | Pol\u00edtica de privacidad\",\"isPartOf\":{\"@id\":\"https:\\\/\\\/nie.cat\\\/es\\\/#website\"},\"datePublished\":\"2024-09-26T13:21:34+00:00\",\"dateModified\":\"2026-03-20T18:29:19+00:00\",\"breadcrumb\":{\"@id\":\"https:\\\/\\\/nie.cat\\\/es\\\/politica-de-privacidad\\\/#breadcrumb\"},\"inLanguage\":\"es\",\"potentialAction\":[{\"@type\":\"ReadAction\",\"target\":[\"https:\\\/\\\/nie.cat\\\/es\\\/politica-de-privacidad\\\/\"]}]},{\"@type\":\"BreadcrumbList\",\"@id\":\"https:\\\/\\\/nie.cat\\\/es\\\/politica-de-privacidad\\\/#breadcrumb\",\"itemListElement\":[{\"@type\":\"ListItem\",\"position\":1,\"name\":\"Home\",\"item\":\"https:\\\/\\\/nie.cat\\\/es\\\/inicio\\\/\"},{\"@type\":\"ListItem\",\"position\":2,\"name\":\"Pol\u00edtica de privacidad\"}]},{\"@type\":\"WebSite\",\"@id\":\"https:\\\/\\\/nie.cat\\\/es\\\/#website\",\"url\":\"https:\\\/\\\/nie.cat\\\/es\\\/\",\"name\":\"NIE.CAT\",\"description\":\"Moving to Spain? Apply for your NIE Number\",\"publisher\":{\"@id\":\"https:\\\/\\\/nie.cat\\\/es\\\/#organization\"},\"potentialAction\":[{\"@type\":\"SearchAction\",\"target\":{\"@type\":\"EntryPoint\",\"urlTemplate\":\"https:\\\/\\\/nie.cat\\\/es\\\/?s={search_term_string}\"},\"query-input\":{\"@type\":\"PropertyValueSpecification\",\"valueRequired\":true,\"valueName\":\"search_term_string\"}}],\"inLanguage\":\"es\"},{\"@type\":\"Organization\",\"@id\":\"https:\\\/\\\/nie.cat\\\/es\\\/#organization\",\"name\":\"NIE.CAT\",\"url\":\"https:\\\/\\\/nie.cat\\\/es\\\/\",\"logo\":{\"@type\":\"ImageObject\",\"inLanguage\":\"es\",\"@id\":\"https:\\\/\\\/nie.cat\\\/es\\\/#\\\/schema\\\/logo\\\/image\\\/\",\"url\":\"https:\\\/\\\/nie.cat\\\/wp-content\\\/uploads\\\/2024\\\/07\\\/logo-light.png\",\"contentUrl\":\"https:\\\/\\\/nie.cat\\\/wp-content\\\/uploads\\\/2024\\\/07\\\/logo-light.png\",\"width\":500,\"height\":165,\"caption\":\"NIE.CAT\"},\"image\":{\"@id\":\"https:\\\/\\\/nie.cat\\\/es\\\/#\\\/schema\\\/logo\\\/image\\\/\"},\"sameAs\":[\"https:\\\/\\\/www.facebook.com\\\/www.nie.cat\",\"https:\\\/\\\/www.instagram.com\\\/niecatbarcelona\\\/\",\"https:\\\/\\\/www.linkedin.com\\\/in\\\/nie-cat-barcelona-798952173\\\/\"]}]}<\/script>\n<!-- \/ Yoast SEO plugin. -->","yoast_head_json":{"title":"NIE.CAT | Pol\u00edtica de privacidad","robots":{"index":"noindex","follow":"follow"},"og_locale":"es_ES","og_type":"article","og_title":"NIE.CAT | Pol\u00edtica de privacidad","og_description":"Responsable del Tratamiento La empresa responsable del tratamiento de sus datos en virtud de esta Pol\u00edtica de Privacidad es: EXPAT CONSULTING AGENCY S.L.U.NIF: B56570161Domicilio: C\/ Mallorca, 277, 5A, 08037, BarcelonaDirecci\u00f3n de correo electr\u00f3nico: info@nie.catWeb: nie.catTel\u00e9fono: 653 586 404Registro Mercantil: Registro Mercantil de Barcelona, Tomo 49011, Folio 22, Hoja n\u00famero B-604377 En EXPAT CONSULTING AGENCY S.L.U., [&hellip;]","og_url":"https:\/\/nie.cat\/es\/politica-de-privacidad\/","og_site_name":"NIE.CAT","article_publisher":"https:\/\/www.facebook.com\/www.nie.cat","article_modified_time":"2026-03-20T18:29:19+00:00","twitter_card":"summary_large_image","twitter_misc":{"Tiempo de lectura":"9 minutos"},"schema":{"@context":"https:\/\/schema.org","@graph":[{"@type":"WebPage","@id":"https:\/\/nie.cat\/es\/politica-de-privacidad\/","url":"https:\/\/nie.cat\/es\/politica-de-privacidad\/","name":"NIE.CAT | Pol\u00edtica de privacidad","isPartOf":{"@id":"https:\/\/nie.cat\/es\/#website"},"datePublished":"2024-09-26T13:21:34+00:00","dateModified":"2026-03-20T18:29:19+00:00","breadcrumb":{"@id":"https:\/\/nie.cat\/es\/politica-de-privacidad\/#breadcrumb"},"inLanguage":"es","potentialAction":[{"@type":"ReadAction","target":["https:\/\/nie.cat\/es\/politica-de-privacidad\/"]}]},{"@type":"BreadcrumbList","@id":"https:\/\/nie.cat\/es\/politica-de-privacidad\/#breadcrumb","itemListElement":[{"@type":"ListItem","position":1,"name":"Home","item":"https:\/\/nie.cat\/es\/inicio\/"},{"@type":"ListItem","position":2,"name":"Pol\u00edtica de privacidad"}]},{"@type":"WebSite","@id":"https:\/\/nie.cat\/es\/#website","url":"https:\/\/nie.cat\/es\/","name":"NIE.CAT","description":"Moving to Spain? Apply for your NIE Number","publisher":{"@id":"https:\/\/nie.cat\/es\/#organization"},"potentialAction":[{"@type":"SearchAction","target":{"@type":"EntryPoint","urlTemplate":"https:\/\/nie.cat\/es\/?s={search_term_string}"},"query-input":{"@type":"PropertyValueSpecification","valueRequired":true,"valueName":"search_term_string"}}],"inLanguage":"es"},{"@type":"Organization","@id":"https:\/\/nie.cat\/es\/#organization","name":"NIE.CAT","url":"https:\/\/nie.cat\/es\/","logo":{"@type":"ImageObject","inLanguage":"es","@id":"https:\/\/nie.cat\/es\/#\/schema\/logo\/image\/","url":"https:\/\/nie.cat\/wp-content\/uploads\/2024\/07\/logo-light.png","contentUrl":"https:\/\/nie.cat\/wp-content\/uploads\/2024\/07\/logo-light.png","width":500,"height":165,"caption":"NIE.CAT"},"image":{"@id":"https:\/\/nie.cat\/es\/#\/schema\/logo\/image\/"},"sameAs":["https:\/\/www.facebook.com\/www.nie.cat","https:\/\/www.instagram.com\/niecatbarcelona\/","https:\/\/www.linkedin.com\/in\/nie-cat-barcelona-798952173\/"]}]}},"_links":{"self":[{"href":"https:\/\/nie.cat\/es\/wp-json\/wp\/v2\/pages\/13624","targetHints":{"allow":["GET"]}}],"collection":[{"href":"https:\/\/nie.cat\/es\/wp-json\/wp\/v2\/pages"}],"about":[{"href":"https:\/\/nie.cat\/es\/wp-json\/wp\/v2\/types\/page"}],"author":[{"embeddable":true,"href":"https:\/\/nie.cat\/es\/wp-json\/wp\/v2\/users\/4353"}],"replies":[{"embeddable":true,"href":"https:\/\/nie.cat\/es\/wp-json\/wp\/v2\/comments?post=13624"}],"version-history":[{"count":2,"href":"https:\/\/nie.cat\/es\/wp-json\/wp\/v2\/pages\/13624\/revisions"}],"predecessor-version":[{"id":14371,"href":"https:\/\/nie.cat\/es\/wp-json\/wp\/v2\/pages\/13624\/revisions\/14371"}],"wp:attachment":[{"href":"https:\/\/nie.cat\/es\/wp-json\/wp\/v2\/media?parent=13624"}],"curies":[{"name":"wp","href":"https:\/\/api.w.org\/{rel}","templated":true}]}}